{"id":604,"date":"2017-09-25T08:32:27","date_gmt":"2017-09-25T06:32:27","guid":{"rendered":"http:\/\/www.49themes.com\/demos\/dentalcarewp\/?page_id=604"},"modified":"2026-01-20T20:57:10","modified_gmt":"2026-01-20T19:57:10","slug":"home","status":"publish","type":"page","link":"https:\/\/www.studiodentisticosanna.it\/dentista-torino\/","title":{"rendered":"Home"},"content":{"rendered":"<p>[vc_row full_width=&#8221;stretch_row_content_no_spaces&#8221;][vc_column][vc_column_text css=&#8221;.vc_custom_1533483715200{margin-bottom: 0px !important;}&#8221;]\n\t\t\t<!-- START home1 REVOLUTION SLIDER 6.2.22 --><p class=\"rs-p-wp-fix\"><\/p>\n\t\t\t<rs-module-wrap id=\"rev_slider_1_1_wrapper\" data-source=\"gallery\" style=\"padding:0;margin:0px auto;margin-top:0;margin-bottom:0;max-width:;\">\n\t\t\t\t<rs-module id=\"rev_slider_1_1\" style=\"\" data-version=\"6.2.22\">\n\t\t\t\t\t<rs-slides>\n\t\t\t\t\t\t<rs-slide data-key=\"rs-1\" data-title=\"Slide\" data-anim=\"ei:d;eo:d;s:600;r:0;t:fade;sl:d;\">\n\t\t\t\t\t\t\t<img src=\"\/\/www.studiodentisticosanna.it\/dentista-torino\/wp-content\/uploads\/2020\/09\/dentista-torino-home3.jpg\" alt=\"dentista Torino\" title=\"dentista Torino\" width=\"1920\" height=\"750\" class=\"rev-slidebg\" data-no-retina>\n<!--\n\t\t\t\t\t\t\t--><rs-layer\n\t\t\t\t\t\t\t\tid=\"slider-1-slide-1-layer-2\" \n\t\t\t\t\t\t\t\tdata-type=\"text\"\n\t\t\t\t\t\t\t\tdata-color=\"#273470\"\n\t\t\t\t\t\t\t\tdata-rsp_ch=\"on\"\n\t\t\t\t\t\t\t\tdata-xy=\"x:c;xo:390px,239px,115px,76px;y:m;yo:-180px,-162px,-183px,-55px;\"\n\t\t\t\t\t\t\t\tdata-text=\"w:normal;s:100,100,100,48;l:120,120,120,64;ls:10px,10px,10px,8px;fw:900;\"\n\t\t\t\t\t\t\t\tdata-dim=\"w:682px,474px,474px,282px;h:138px,auto,auto,192px;\"\n\t\t\t\t\t\t\t\tdata-frame_0=\"y:50px,50px,50px,28px;\"\n\t\t\t\t\t\t\t\tdata-frame_1=\"x:0,0,0,0px;y:0,0,0,0px;st:500;sp:1000;sR:500;\"\n\t\t\t\t\t\t\t\tdata-frame_999=\"o:0;e:nothing;st:w;sR:7500;\"\n\t\t\t\t\t\t\t\tstyle=\"z-index:8;font-family:Roboto;\"\n\t\t\t\t\t\t\t>rivolti <br>al futuro \n\t\t\t\t\t\t\t<\/rs-layer><!--\n\n\t\t\t\t\t\t\t--><rs-layer\n\t\t\t\t\t\t\t\tid=\"slider-1-slide-1-layer-3\" \n\t\t\t\t\t\t\t\tdata-type=\"text\"\n\t\t\t\t\t\t\t\tdata-color=\"#273470\"\n\t\t\t\t\t\t\t\tdata-rsp_ch=\"on\"\n\t\t\t\t\t\t\t\tdata-xy=\"xo:671px,513px,268px,180px;y:m;yo:82px,65px,31px,94px;\"\n\t\t\t\t\t\t\t\tdata-text=\"w:normal;s:22,22,22,18;l:28;ls:9px,9px,9px,5px;fw:500,300,300,400;\"\n\t\t\t\t\t\t\t\tdata-dim=\"w:559px,423px,460px,301px;h:142px,auto,auto,185px;\"\n\t\t\t\t\t\t\t\tdata-frame_0=\"sX:0.9;sY:0.9;\"\n\t\t\t\t\t\t\t\tdata-frame_1=\"e:power2.out;st:500;sp:800;sR:500;\"\n\t\t\t\t\t\t\t\tdata-frame_999=\"o:0;e:nothing;st:w;sR:7700;\"\n\t\t\t\t\t\t\t\tstyle=\"z-index:9;font-family:Roboto;\"\n\t\t\t\t\t\t\t>vogliamo garantire al paziente un ambiente sereno, familiare ed essere un punto di riferimento sempre valido nel tempo \n\t\t\t\t\t\t\t<\/rs-layer><!--\n-->\t\t\t\t\t\t<\/rs-slide>\n\t\t\t\t\t<\/rs-slides>\n\t\t\t\t<\/rs-module>\n\t\t\t\t<script type=\"text\/javascript\">\n\t\t\t\t\tsetREVStartSize({c: 'rev_slider_1_1',rl:[1240,1024,778,480],el:[777,768,960,720],gw:[1240,1024,778,480],gh:[777,768,960,720],type:'standard',justify:'',layout:'fullwidth',mh:\"0\"});\n\t\t\t\t\tvar\trevapi1,\n\t\t\t\t\t\ttpj;\n\t\t\t\t\tfunction revinit_revslider11() {\n\t\t\t\t\tjQuery(function() {\n\t\t\t\t\t\ttpj = jQuery;\n\t\t\t\t\t\trevapi1 = tpj(\"#rev_slider_1_1\");\n\t\t\t\t\t\tif(revapi1==undefined || revapi1.revolution == undefined){\n\t\t\t\t\t\t\trevslider_showDoubleJqueryError(\"rev_slider_1_1\");\n\t\t\t\t\t\t}else{\n\t\t\t\t\t\t\trevapi1.revolution({\n\t\t\t\t\t\t\t\tvisibilityLevels:\"1240,1024,778,480\",\n\t\t\t\t\t\t\t\tgridwidth:\"1240,1024,778,480\",\n\t\t\t\t\t\t\t\tgridheight:\"777,768,960,720\",\n\t\t\t\t\t\t\t\tperspective:600,\n\t\t\t\t\t\t\t\tperspectiveType:\"local\",\n\t\t\t\t\t\t\t\teditorheight:\"777,768,960,720\",\n\t\t\t\t\t\t\t\tresponsiveLevels:\"1240,1024,778,480\",\n\t\t\t\t\t\t\t\tprogressBar:{disableProgressBar:true},\n\t\t\t\t\t\t\t\tnavigation: {\n\t\t\t\t\t\t\t\t\tmouseScrollNavigation:false,\n\t\t\t\t\t\t\t\t\tonHoverStop:false,\n\t\t\t\t\t\t\t\t\ttouch: {\n\t\t\t\t\t\t\t\t\t\ttouchenabled:true,\n\t\t\t\t\t\t\t\t\t\tswipe_threshold:200\n\t\t\t\t\t\t\t\t\t}\n\t\t\t\t\t\t\t\t},\n\t\t\t\t\t\t\t\tfallbacks: {\n\t\t\t\t\t\t\t\t\tallowHTML5AutoPlayOnAndroid:true\n\t\t\t\t\t\t\t\t},\n\t\t\t\t\t\t\t});\n\t\t\t\t\t\t}\n\t\t\t\t\t\t\n\t\t\t\t\t});\n\t\t\t\t\t} \/\/ End of RevInitScript\n\t\t\t\tvar once_revslider11 = false;\n\t\t\t\tif (document.readyState === \"loading\") {document.addEventListener('readystatechange',function() { if((document.readyState === \"interactive\" || document.readyState === \"complete\") && !once_revslider11 ) { once_revslider11 = true; revinit_revslider11();}});} else {once_revslider11 = true; revinit_revslider11();}\n\t\t\t\t<\/script>\n\t\t\t<\/rs-module-wrap>\n\t\t\t<!-- END REVOLUTION SLIDER -->\n[\/vc_column_text][\/vc_column][\/vc_row][vc_row full_width=&#8221;stretch_row_content_no_spaces&#8221; el_class=&#8221;slider_bottom boxedSizeDesign&#8221;][vc_column][vc_row_inner][vc_column_inner el_class=&#8221;pr0&#8243; width=&#8221;1\/3&#8243; css=&#8221;.vc_custom_1605631658248{padding-top: 0px !important;background-color: #273370 !important;}&#8221;][dentalcare_single_section layout=&#8221;open_hours&#8221; title=&#8221;Studio dentistico all&#8217;avanguardia&#8221; image=&#8221;612&#8243; monday_friday=&#8221;Il nostro Staff accoglie il paziente un ambiente sereno, familiare ma al contempo moderno e professionale&#8221;][\/vc_column_inner][vc_column_inner el_class=&#8221;pl0 pr0&#8243; width=&#8221;1\/3&#8243; css=&#8221;.vc_custom_1600952765835{padding-top: 0px !important;background-image: url(http:\/\/www.studiodentisticosanna.it\/dentista-torino\/wp-content\/uploads\/2020\/09\/sanna-dentista-torino.jpg?id=1109) !important;background-position: center !important;background-repeat: no-repeat !important;background-size: cover !important;}&#8221;][dentalcare_single_section layout=&#8221;appointment&#8221; description=&#8221;&#8221; title=&#8221;Appuntamenti&#8221; image=&#8221;613&#8243; link=&#8221;url:http%3A%2F%2Fwww.studiodentisticosanna.it%2Fdentista-torino%2Fcontatti%2F|title:Prenota%20una%20visita&#8221; el_class=&#8221;.chiaro&#8221;][\/vc_column_inner][vc_column_inner el_class=&#8221;pl0&#8243; width=&#8221;1\/3&#8243; css=&#8221;.vc_custom_1601039622121{padding-top: 0px !important;background-color: #446bb1 !important;}&#8221;][dentalcare_single_section layout=&#8221;open_hours&#8221; title=&#8221;Orario apertura&#8221; image=&#8221;614&#8243; monday_friday=&#8221;Luned\u00ec, mercoled\u00ec e gioved\u00ec&#8221; timing=&#8221;09\u201312, 15\u201319:30&#8243; saturday=&#8221;Marted\u00ec e venerd\u00ec&#8221; sunday=&#8221;Sabato e domenica&#8221; closed=&#8221;chiuso&#8221; timing2=&#8221;09-14&#8243;][\/vc_column_inner][\/vc_row_inner][\/vc_column][\/vc_row][vc_row full_width=&#8221;stretch_row&#8221; css=&#8221;.vc_custom_1602580167045{background-color: #f1f7fb !important;}&#8221;][vc_column][dentalcare_home_our_team number=&#8221;9&#8243; heading=&#8221;lo staff personale esperto&#8221; heading_two=&#8221;&#8221;][\/vc_column][\/vc_row][vc_row full_width=&#8221;stretch_row&#8221; el_id=&#8221;demos&#8221; css=&#8221;.vc_custom_1602580119934{background-color: #ffffff !important;}&#8221;][vc_column el_class=&#8221;tt-block&#8221;][vc_row_inner el_class=&#8221;large-12 columns rtl_float_none&#8221;][vc_column_inner][dentalcare_custom_heading heading=&#8221;i trattamenti&#8221; heading_color=&#8221;#273470&#8243; heading_color_two=&#8221;#446bb1&#8243; position=&#8221;center&#8221;][vc_column_text css=&#8221;.vc_custom_1602151808384{margin-bottom: 0px !important;}&#8221;][\/vc_column_text][vc_empty_space height=&#8221;22px&#8221;][dentalcare_services_listing orderby=&#8221;date&#8221; layout=&#8221;carousel&#8221; number=&#8221;13&#8243; readmore_text=&#8221;Scopri di pi\u00f9&#8221;][\/vc_column_inner][\/vc_row_inner][\/vc_column][\/vc_row][vc_row el_class=&#8221;dental_practice&#8221;][vc_column][vc_row_inner el_class=&#8221;tt-block&#8221;][vc_column_inner el_class=&#8221;width-nine-plus&#8221; width=&#8221;1\/2&#8243;][vc_single_image image=&#8221;1313&#8243; img_size=&#8221;full&#8221; css=&#8221;.vc_custom_1602145778680{margin-bottom: 0px !important;}&#8221; el_class=&#8221;image&#8221;][vc_column_text css=&#8221;.vc_custom_1498470253991{margin-bottom: 0px !important;}&#8221;]<\/p>\n<div class=\"empty-space marg-sm-b30\"><\/div>\n<p>[\/vc_column_text][\/vc_column_inner][vc_column_inner el_class=&#8221;width-nine-plus&#8221; width=&#8221;1\/2&#8243;][dentalcare_dental_practice description=&#8221;gli allineatori trasparenti sono un metodo praticamente invisibile per allineare i denti e ottenere il sorriso desiderato.&#8221; image=&#8221;624&#8243; image1=&#8221;624&#8243; subtitle=&#8221;Allineamento dei denti&#8221; subtitle_description=&#8221;Tramite delle mascherine trasparenti create su misura.&#8221; image_home=&#8221;1484&#8243; image_home_two=&#8221;1484&#8243; subtitle_two=&#8221;Avanzata tecnologia di imaging digitale 3D&#8221; subtitle_description_two=&#8221;Visualizzazione della posizione finale dei denti.&#8221; image_home_three=&#8221;1484&#8243; subtitle_three=&#8221;Mascherine rimovibili&#8221; subtitle_description_three=&#8221;Per facilitare le consuete manovre di igiene orale.&#8221; title1=&#8221;allineatori&#8221; image_home_right=&#8221;1471&#8243;][\/vc_column_inner][\/vc_row_inner][\/vc_column][\/vc_row][vc_row full_width=&#8221;stretch_row&#8221; equal_height=&#8221;yes&#8221; el_class=&#8221;insurance&#8221; css=&#8221;.vc_custom_1602580051465{background-color: #f1f7fb !important;}&#8221;][vc_column][vc_row_inner el_class=&#8221;tt-block rtl_float_none&#8221;][vc_column_inner][dentalcare_custom_heading heading=&#8221;le convenzioni&#8221; heading_color=&#8221;#273470&#8243; heading_color_two=&#8221;#446bb1&#8243;][vc_column_text css=&#8221;.vc_custom_1497612014362{margin-bottom: 0px !important;}&#8221;]<\/p>\n<div class=\"empty-space marg-lg-b40\"><\/div>\n<p>[\/vc_column_text][vc_column_text]Lo studio Sanna ha sottoscritto una serie di convenzioni sanitarie<br \/>\nper agevolare i propri pazienti e aiutarli nella gestione delle spese<br \/>\nmediche. Le convenzioni a cui lo studio aderisce sono:[\/vc_column_text][\/vc_column_inner][\/vc_row_inner][vc_gallery images=&#8221;1467&#8243; img_size=&#8221;full&#8221; onclick=&#8221;&#8221;][vc_empty_space][\/vc_column][\/vc_row][vc_row full_width=&#8221;stretch_row&#8221; el_class=&#8221;book_appointment tt-block&#8221; css=&#8221;.vc_custom_1601475695344{background-color: #273470 !important;}&#8221;][vc_column width=&#8221;1\/5&#8243; css=&#8221;.vc_custom_1606128307882{padding-top: 0px !important;}&#8221;][\/vc_column][vc_column width=&#8221;2\/5&#8243; css=&#8221;.vc_custom_1606231274718{padding-top: 0px !important;background: #446bb1 url(http:\/\/www.studiodentisticosanna.it\/dentista-torino\/wp-content\/uploads\/2020\/11\/appointment-bg-2.jpg?id=1468) !important;}&#8221; el_class=&#8221;tt-reply form4 width-nine-plus&#8221;][vc_empty_space height=&#8221;30px&#8221;]<div role=\"form\" class=\"wpcf7\" id=\"wpcf7-f673-o1\" lang=\"en-US\" dir=\"ltr\">\n<div class=\"screen-reader-response\"><p role=\"status\" aria-live=\"polite\" aria-atomic=\"true\"><\/p> <ul><\/ul><\/div>\n<form action=\"\/dentista-torino\/wp-json\/wp\/v2\/pages\/604#wpcf7-f673-o1\" method=\"post\" class=\"wpcf7-form init\" novalidate=\"novalidate\" data-status=\"init\">\n<div style=\"display: none;\">\n<input type=\"hidden\" name=\"_wpcf7\" value=\"673\" \/>\n<input type=\"hidden\" name=\"_wpcf7_version\" value=\"5.4.1\" \/>\n<input type=\"hidden\" name=\"_wpcf7_locale\" value=\"en_US\" \/>\n<input type=\"hidden\" name=\"_wpcf7_unit_tag\" value=\"wpcf7-f673-o1\" \/>\n<input type=\"hidden\" name=\"_wpcf7_container_post\" value=\"0\" \/>\n<input type=\"hidden\" name=\"_wpcf7_posted_data_hash\" value=\"\" \/>\n<\/div>\n<div class=\"tt-submit-form\">\n<div class=\"form-group col-md-6\"><span class=\"wpcf7-form-control-wrap your-name\"><input type=\"text\" name=\"your-name\" value=\"\" size=\"40\" class=\"wpcf7-form-control wpcf7-text wpcf7-validates-as-required c-input brd-grey\" aria-required=\"true\" aria-invalid=\"false\" placeholder=\"Nome\" \/><\/span><\/div>\n<div class=\"form-group col-md-6\"><span class=\"wpcf7-form-control-wrap cognome\"><input type=\"text\" name=\"cognome\" value=\"\" size=\"40\" class=\"wpcf7-form-control wpcf7-text c-input brd-grey\" aria-invalid=\"false\" placeholder=\"Cognome\" \/><\/span><\/div>\n<div class=\"form-group col-md-6\"><span class=\"wpcf7-form-control-wrap your-number\"><input type=\"text\" name=\"your-number\" value=\"\" size=\"40\" class=\"wpcf7-form-control wpcf7-text wpcf7-validates-as-required c-input brd-grey\" aria-required=\"true\" aria-invalid=\"false\" placeholder=\"Telefono\" \/><\/span><\/div>\n<div class=\"form-group col-md-6\"><span class=\"wpcf7-form-control-wrap your-email\"><input type=\"email\" name=\"your-email\" value=\"\" size=\"40\" class=\"wpcf7-form-control wpcf7-text wpcf7-email wpcf7-validates-as-email c-input brd-grey\" aria-invalid=\"false\" placeholder=\"E-mail\" \/><\/span><\/div>\n<div class=\"form-group col-md-12\"><span class=\"wpcf7-form-control-wrap textarea-989\"><textarea name=\"textarea-989\" cols=\"40\" rows=\"10\" class=\"wpcf7-form-control wpcf7-textarea wpcf7-validates-as-required c-input brd-grey\" aria-required=\"true\" aria-invalid=\"false\" placeholder=\"Messaggio\"><\/textarea><\/span><\/div>\n<p class=\"no-desc\" style=\"color:#ffffff\"\"><span class=\"wpcf7-form-control-wrap acceptance-229\"><span class=\"wpcf7-form-control wpcf7-acceptance\"><span class=\"wpcf7-list-item\"><input type=\"checkbox\" name=\"acceptance-229\" value=\"1\" aria-invalid=\"false\" \/><\/span><\/span><\/span> &nbsp; Ho letto l\u2019<a href=\"http:\/\/www.studiodentisticosanna.it\/dentista-torino\/privacy\" style=\"color:#273470; text-decoration:underline\">informativa<\/a> e autorizzo il trattamento dei miei dati personali per le finalit\u00e0 ivi indicate.<\/p>\n<div class=\"form-group col-md-12\"><label class=\"c-label\" style=\"color:#ffffff\"><br><span class=\"wpcf7-form-control-wrap quiz-693\"><label><span class=\"wpcf7-quiz-label\">Di che colore sono le fragole, rosse o blu?<\/span> <input type=\"text\" name=\"quiz-693\" size=\"40\" class=\"wpcf7-form-control wpcf7-quiz c-input\" autocomplete=\"off\" aria-required=\"true\" aria-invalid=\"false\" \/><\/label><input type=\"hidden\" name=\"_wpcf7_quiz_answer_quiz-693\" value=\"d1a9ab23d0ebe5345534e04fedc9da1e\" \/><\/span><br><br><\/label>\n<\/div>\n<div class=\"c-btn big \"><input type=\"submit\" value=\"Invia il messaggio\" class=\"wpcf7-form-control wpcf7-submit appoint\" \/><\/div>\n<\/div>\n<div class=\"wpcf7-response-output\" aria-hidden=\"true\"><\/div><\/form><\/div>[\/vc_column][vc_column width=&#8221;2\/5&#8243; el_class=&#8221;questions width-nine-plus&#8221;][vc_column_text css=&#8221;.vc_custom_1497615460639{margin-bottom: 0px !important;}&#8221;]<\/p>\n<div class=\"empty-space marg-lg-b30\"><\/div>\n<p>[\/vc_column_text][dentalcare_custom_heading heading=&#8221;Hai un&#8221; heading_color=&#8221;#f1f7fb&#8221;][vc_empty_space height=&#8221;50px&#8221;][dentalcare_custom_heading heading=&#8221;dubbio?&#8221; heading_color=&#8221;#f1f7fb&#8221;][vc_empty_space height=&#8221;50px&#8221;][dentalcare_custom_heading heading=&#8221;Scrivici&#8221; heading_color=&#8221;#446bb1&#8243;][vc_column_text css=&#8221;.vc_custom_1497615460639{margin-bottom: 0px !important;}&#8221;]<\/p>\n<div class=\"empty-space marg-lg-b30\"><\/div>\n<p>[\/vc_column_text][\/vc_column][\/vc_row]<\/p>\n","protected":false},"excerpt":{"rendered":"<p>[vc_row full_width=&#8221;stretch_row_content_no_spaces&#8221;][vc_column][vc_column_text css=&#8221;.vc_custom_1533483715200{margin-bottom: 0px !important;}&#8221;][\/vc_column_text][\/vc_column][\/vc_row][vc_row full_width=&#8221;stretch_row_content_no_spaces&#8221; el_class=&#8221;slider_bottom boxedSizeDesign&#8221;][vc_column][vc_row_inner][vc_column_inner el_class=&#8221;pr0&#8243; width=&#8221;1\/3&#8243; css=&#8221;.vc_custom_1605631658248{padding-top: 0px !important;background-color: #273370 !important;}&#8221;][dentalcare_single_section layout=&#8221;open_hours&#8221; title=&#8221;Studio dentistico all&#8217;avanguardia&#8221; image=&#8221;612&#8243; monday_friday=&#8221;Il nostro Staff accoglie il paziente un ambiente sereno, familiare ma al contempo moderno e professionale&#8221;][\/vc_column_inner][vc_column_inner el_class=&#8221;pl0 pr0&#8243; width=&#8221;1\/3&#8243; css=&#8221;.vc_custom_1600952765835{padding-top: 0px !important;background-image: url(http:\/\/www.studiodentisticosanna.it\/dentista-torino\/wp-content\/uploads\/2020\/09\/sanna-dentista-torino.jpg?id=1109) !important;background-position: center !important;background-repeat: no-repeat !important;background-size: cover !important;}&#8221;][dentalcare_single_section layout=&#8221;appointment&#8221; description=&#8221;&#8221; title=&#8221;Appuntamenti&#8221; image=&#8221;613&#8243; link=&#8221;url:http%3A%2F%2Fwww.studiodentisticosanna.it%2Fdentista-torino%2Fcontatti%2F|title:Prenota%20una%20visita&#8221;<\/p>\n","protected":false},"author":1,"featured_media":0,"parent":0,"menu_order":0,"comment_status":"closed","ping_status":"closed","template":"","meta":[],"yoast_head":"<!-- This site is optimized with the Yoast SEO plugin v15.9 - https:\/\/yoast.com\/wordpress\/plugins\/seo\/ -->\n<title>Home | Studio dentistico Sanna<\/title>\n<meta name=\"robots\" content=\"index, follow, max-snippet:-1, max-image-preview:large, max-video-preview:-1\" \/>\n<link rel=\"canonical\" href=\"https:\/\/www.studiodentisticosanna.it\/dentista-torino\/\" \/>\n<meta property=\"og:locale\" content=\"it_IT\" \/>\n<meta property=\"og:type\" content=\"article\" \/>\n<meta property=\"og:title\" content=\"Home | Studio dentistico Sanna\" \/>\n<meta property=\"og:description\" content=\"[vc_row full_width=&#8221;stretch_row_content_no_spaces&#8221;][vc_column][vc_column_text css=&#8221;.vc_custom_1533483715200{margin-bottom: 0px !important;}&#8221;][\/vc_column_text][\/vc_column][\/vc_row][vc_row full_width=&#8221;stretch_row_content_no_spaces&#8221; el_class=&#8221;slider_bottom boxedSizeDesign&#8221;][vc_column][vc_row_inner][vc_column_inner el_class=&#8221;pr0&#8243; width=&#8221;1\/3&#8243; css=&#8221;.vc_custom_1605631658248{padding-top: 0px !important;background-color: #273370 !important;}&#8221;][dentalcare_single_section layout=&#8221;open_hours&#8221; title=&#8221;Studio dentistico all&#8217;avanguardia&#8221; image=&#8221;612&#8243; monday_friday=&#8221;Il nostro Staff accoglie il paziente un ambiente sereno, familiare ma al contempo moderno e professionale&#8221;][\/vc_column_inner][vc_column_inner el_class=&#8221;pl0 pr0&#8243; width=&#8221;1\/3&#8243; css=&#8221;.vc_custom_1600952765835{padding-top: 0px !important;background-image: url(http:\/\/www.studiodentisticosanna.it\/dentista-torino\/wp-content\/uploads\/2020\/09\/sanna-dentista-torino.jpg?id=1109) !important;background-position: center !important;background-repeat: no-repeat !important;background-size: cover !important;}&#8221;][dentalcare_single_section layout=&#8221;appointment&#8221; description=&#8221;&#8221; title=&#8221;Appuntamenti&#8221; image=&#8221;613&#8243; link=&#8221;url:http%3A%2F%2Fwww.studiodentisticosanna.it%2Fdentista-torino%2Fcontatti%2F|title:Prenota%20una%20visita&#8221;\" \/>\n<meta property=\"og:url\" content=\"https:\/\/www.studiodentisticosanna.it\/dentista-torino\/\" \/>\n<meta property=\"og:site_name\" content=\"Studio dentistico Sanna\" \/>\n<meta property=\"article:publisher\" content=\"https:\/\/www.facebook.com\/studiodentisticosanna\" \/>\n<meta property=\"article:modified_time\" content=\"2026-01-20T19:57:10+00:00\" \/>\n<meta name=\"twitter:card\" content=\"summary_large_image\" \/>\n<meta name=\"twitter:label1\" content=\"Tempo di lettura stimato\">\n\t<meta name=\"twitter:data1\" content=\"2 minuti\">\n<script type=\"application\/ld+json\" class=\"yoast-schema-graph\">{\"@context\":\"https:\/\/schema.org\",\"@graph\":[{\"@type\":\"Organization\",\"@id\":\"https:\/\/www.studiodentisticosanna.it\/dentista-torino\/#organization\",\"name\":\"Studio dentistico Sanna\",\"url\":\"https:\/\/www.studiodentisticosanna.it\/dentista-torino\/\",\"sameAs\":[\"https:\/\/www.facebook.com\/studiodentisticosanna\"],\"logo\":{\"@type\":\"ImageObject\",\"@id\":\"https:\/\/www.studiodentisticosanna.it\/dentista-torino\/#logo\",\"inLanguage\":\"it-IT\",\"url\":\"https:\/\/www.studiodentisticosanna.it\/dentista-torino\/wp-content\/uploads\/2020\/09\/studio-dentistico-sanna_logo.png\",\"width\":352,\"height\":100,\"caption\":\"Studio dentistico Sanna\"},\"image\":{\"@id\":\"https:\/\/www.studiodentisticosanna.it\/dentista-torino\/#logo\"}},{\"@type\":\"WebSite\",\"@id\":\"https:\/\/www.studiodentisticosanna.it\/dentista-torino\/#website\",\"url\":\"https:\/\/www.studiodentisticosanna.it\/dentista-torino\/\",\"name\":\"Studio dentistico Sanna\",\"description\":\"Dentista Torino\",\"publisher\":{\"@id\":\"https:\/\/www.studiodentisticosanna.it\/dentista-torino\/#organization\"},\"potentialAction\":[{\"@type\":\"SearchAction\",\"target\":\"https:\/\/www.studiodentisticosanna.it\/dentista-torino\/?s={search_term_string}\",\"query-input\":\"required name=search_term_string\"}],\"inLanguage\":\"it-IT\"},{\"@type\":\"WebPage\",\"@id\":\"https:\/\/www.studiodentisticosanna.it\/dentista-torino\/#webpage\",\"url\":\"https:\/\/www.studiodentisticosanna.it\/dentista-torino\/\",\"name\":\"Home | Studio dentistico Sanna\",\"isPartOf\":{\"@id\":\"https:\/\/www.studiodentisticosanna.it\/dentista-torino\/#website\"},\"datePublished\":\"2017-09-25T06:32:27+00:00\",\"dateModified\":\"2026-01-20T19:57:10+00:00\",\"breadcrumb\":{\"@id\":\"https:\/\/www.studiodentisticosanna.it\/dentista-torino\/#breadcrumb\"},\"inLanguage\":\"it-IT\",\"potentialAction\":[{\"@type\":\"ReadAction\",\"target\":[\"https:\/\/www.studiodentisticosanna.it\/dentista-torino\/\"]}]},{\"@type\":\"BreadcrumbList\",\"@id\":\"https:\/\/www.studiodentisticosanna.it\/dentista-torino\/#breadcrumb\",\"itemListElement\":[{\"@type\":\"ListItem\",\"position\":1,\"item\":{\"@type\":\"WebPage\",\"@id\":\"https:\/\/www.studiodentisticosanna.it\/dentista-torino\/\",\"url\":\"https:\/\/www.studiodentisticosanna.it\/dentista-torino\/\",\"name\":\"Home\"}},{\"@type\":\"ListItem\",\"position\":2,\"item\":{\"@type\":\"WebPage\",\"@id\":\"https:\/\/www.studiodentisticosanna.it\/dentista-torino\/\",\"url\":\"https:\/\/www.studiodentisticosanna.it\/dentista-torino\/\",\"name\":\"Home\"}}]}]}<\/script>\n<!-- \/ Yoast SEO plugin. -->","_links":{"self":[{"href":"https:\/\/www.studiodentisticosanna.it\/dentista-torino\/wp-json\/wp\/v2\/pages\/604"}],"collection":[{"href":"https:\/\/www.studiodentisticosanna.it\/dentista-torino\/wp-json\/wp\/v2\/pages"}],"about":[{"href":"https:\/\/www.studiodentisticosanna.it\/dentista-torino\/wp-json\/wp\/v2\/types\/page"}],"author":[{"embeddable":true,"href":"https:\/\/www.studiodentisticosanna.it\/dentista-torino\/wp-json\/wp\/v2\/users\/1"}],"replies":[{"embeddable":true,"href":"https:\/\/www.studiodentisticosanna.it\/dentista-torino\/wp-json\/wp\/v2\/comments?post=604"}],"version-history":[{"count":165,"href":"https:\/\/www.studiodentisticosanna.it\/dentista-torino\/wp-json\/wp\/v2\/pages\/604\/revisions"}],"predecessor-version":[{"id":1776,"href":"https:\/\/www.studiodentisticosanna.it\/dentista-torino\/wp-json\/wp\/v2\/pages\/604\/revisions\/1776"}],"wp:attachment":[{"href":"https:\/\/www.studiodentisticosanna.it\/dentista-torino\/wp-json\/wp\/v2\/media?parent=604"}],"curies":[{"name":"wp","href":"https:\/\/api.w.org\/{rel}","templated":true}]}}